{"id":348,"date":"2021-01-22T16:42:44","date_gmt":"2021-01-22T15:42:44","guid":{"rendered":"https:\/\/feelbetter.fr\/?page_id=348"},"modified":"2021-01-22T17:06:08","modified_gmt":"2021-01-22T16:06:08","slug":"reseau-de-bien-etre","status":"publish","type":"page","link":"https:\/\/feelbetter.fr\/index.php\/reseau-de-bien-etre\/","title":{"rendered":"RESEAU DE BIEN ETRE"},"content":{"rendered":"\n<p>Parall\u00e8lement \u00e0 mes autres activit\u00e9s, j&rsquo;anime un r\u00e9seau de bien \u00eatre <br>(page en cours de construction)<\/p>\n\n\n\n<figure class=\"wp-block-image size-large\"><img fetchpriority=\"high\" decoding=\"async\" width=\"731\" height=\"1024\" src=\"https:\/\/feelbetter.fr\/wp-content\/uploads\/2020\/12\/utf-8Invitation-matinale-bien-etre-9-Janvier-2020-731x1024.jpg\" alt=\"\" class=\"wp-image-335\" srcset=\"https:\/\/feelbetter.fr\/wp-content\/uploads\/2020\/12\/utf-8Invitation-matinale-bien-etre-9-Janvier-2020-731x1024.jpg 731w, https:\/\/feelbetter.fr\/wp-content\/uploads\/2020\/12\/utf-8Invitation-matinale-bien-etre-9-Janvier-2020-214x300.jpg 214w, https:\/\/feelbetter.fr\/wp-content\/uploads\/2020\/12\/utf-8Invitation-matinale-bien-etre-9-Janvier-2020-768x1075.jpg 768w, https:\/\/feelbetter.fr\/wp-content\/uploads\/2020\/12\/utf-8Invitation-matinale-bien-etre-9-Janvier-2020-1097x1536.jpg 1097w, https:\/\/feelbetter.fr\/wp-content\/uploads\/2020\/12\/utf-8Invitation-matinale-bien-etre-9-Janvier-2020-1463x2048.jpg 1463w, https:\/\/feelbetter.fr\/wp-content\/uploads\/2020\/12\/utf-8Invitation-matinale-bien-etre-9-Janvier-2020-43x60.jpg 43w, https:\/\/feelbetter.fr\/wp-content\/uploads\/2020\/12\/utf-8Invitation-matinale-bien-etre-9-Janvier-2020.jpg 1500w\" sizes=\"(max-width: 731px) 100vw, 731px\" \/><\/figure>\n","protected":false},"excerpt":{"rendered":"<p>Parall\u00e8lement \u00e0 mes autres activit\u00e9s, j&rsquo;anime un r\u00e9seau de bien \u00eatre (page en cours de construction)<\/p>\n","protected":false},"author":1,"featured_media":0,"parent":0,"menu_order":0,"comment_status":"closed","ping_status":"closed","template":"","meta":{"footnotes":""},"class_list":["post-348","page","type-page","status-publish","hentry"],"_links":{"self":[{"href":"https:\/\/feelbetter.fr\/index.php\/wp-json\/wp\/v2\/pages\/348","targetHints":{"allow":["GET"]}}],"collection":[{"href":"https:\/\/feelbetter.fr\/index.php\/wp-json\/wp\/v2\/pages"}],"about":[{"href":"https:\/\/feelbetter.fr\/index.php\/wp-json\/wp\/v2\/types\/page"}],"author":[{"embeddable":true,"href":"https:\/\/feelbetter.fr\/index.php\/wp-json\/wp\/v2\/users\/1"}],"replies":[{"embeddable":true,"href":"https:\/\/feelbetter.fr\/index.php\/wp-json\/wp\/v2\/comments?post=348"}],"version-history":[{"count":3,"href":"https:\/\/feelbetter.fr\/index.php\/wp-json\/wp\/v2\/pages\/348\/revisions"}],"predecessor-version":[{"id":359,"href":"https:\/\/feelbetter.fr\/index.php\/wp-json\/wp\/v2\/pages\/348\/revisions\/359"}],"wp:attachment":[{"href":"https:\/\/feelbetter.fr\/index.php\/wp-json\/wp\/v2\/media?parent=348"}],"curies":[{"name":"wp","href":"https:\/\/api.w.org\/{rel}","templated":true}]}}